{"id":1313,"date":"2026-01-11T14:10:46","date_gmt":"2026-01-11T13:10:46","guid":{"rendered":"https:\/\/www.nuisibles-et-toitures.com\/?page_id=1313"},"modified":"2026-01-11T14:10:47","modified_gmt":"2026-01-11T13:10:47","slug":"les-tarifs-nettoyage-toitures","status":"publish","type":"page","link":"https:\/\/www.nuisibles-et-toitures.com\/?page_id=1313","title":{"rendered":"Les tarifs nettoyage toitures"},"content":{"rendered":"\n<p><br>Les tarifs nettoyage de toitures\/fa\u00e7ades Il varie selon la r\u00e9gion, l&rsquo;\u00e9tat et le niveau d&rsquo;encrassement de la toiture, le type de toiture, l&rsquo;accessibilit\u00e9 au toit et la technique utilis\u00e9e. Le tarif moyen d&rsquo;un nettoyage <strong>professionnel<\/strong> avec des produits <strong>professionnel<\/strong> de toiture co\u00fbte entre<strong>\u00a07 et 30 \u20ac par m\u00b2<\/strong>.Le prix de ce type d&rsquo;op\u00e9ration varie en fonction du traitement r\u00e9alis\u00e9 et selon le type de couverture.<\/p>\n\n\n\n<figure class=\"wp-block-table\"><table class=\"has-fixed-layout\"><tbody><tr><td><br>Type de traitements<\/td><td><br><strong>Prix au m2<\/strong><\/td><\/tr><tr><td><br>Nettoyage simple\u00a0(Moyenne pression)<\/td><td><br>De 10 \u00e0 15 \u20ac*<\/td><\/tr><tr><td><br><br>Nettoyage + Traitement\u00a0anti-mousse+traitement hydrofuge<\/td><td><br><br>De 21 \u00e0 35 \u20ac*<\/td><\/tr><tr><td><br><br>D\u00e9moussage pr\u00e9ventif et curatif (effet visible 10 \/ 12 mois)<\/td><td><br>De 7 \u00e0 15 \u20ac*  (Option la plus choisie) <\/td><\/tr><tr><td><br>D\u00e9moussage pr\u00e9ventif et curatif + activateur (effet visible 4 \/ 6 mois)<\/td><td><br>De 10 \u00e0 20 \u20ac*<\/td><\/tr><tr><td><br>Intervention par drone<\/td><td><br>m\u00eame tarifs+200\u20ac (frais de dossier Inclus)<\/td><\/tr><\/tbody><\/table><\/figure>\n\n\n\n<p><br>*<em>Suivant la hauteur et la complexit\u00e9<\/em><\/p>\n","protected":false},"excerpt":{"rendered":"<p>Les tarifs nettoyage de toitures\/fa\u00e7ades Il varie selon la r\u00e9gion, l&rsquo;\u00e9tat et le niveau d&rsquo;encrassement de la toiture, le type de toiture, l&rsquo;accessibilit\u00e9 au toit et la technique utilis\u00e9e. Le tarif moyen d&rsquo;un nettoyage professionnel avec des produits professionnel de toiture co\u00fbte entre\u00a07 et 30 \u20ac par m\u00b2.Le prix de ce type d&rsquo;op\u00e9ration varie en&hellip; <br \/> <a class=\"read-more\" href=\"https:\/\/www.nuisibles-et-toitures.com\/?page_id=1313\">Lire la suite<\/a><\/p>\n","protected":false},"author":1,"featured_media":0,"parent":0,"menu_order":0,"comment_status":"closed","ping_status":"closed","template":"","meta":{"_monsterinsights_skip_tracking":false,"_monsterinsights_sitenote_active":false,"_monsterinsights_sitenote_note":"","_monsterinsights_sitenote_category":0,"footnotes":""},"class_list":["post-1313","page","type-page","status-publish","hentry"],"yoast_head":"<!-- This site is optimized with the Yoast SEO plugin v26.9 - https:\/\/yoast.com\/product\/yoast-seo-wordpress\/ -->\n<title>Les tarifs nettoyage toitures - TEL : 07 68 84 97 01<\/title>\n<meta name=\"robots\" content=\"index, follow, max-snippet:-1, max-image-preview:large, max-video-preview:-1\" \/>\n<link rel=\"canonical\" href=\"https:\/\/www.nuisibles-et-toitures.com\/?page_id=1313\" \/>\n<meta property=\"og:locale\" content=\"fr_FR\" \/>\n<meta property=\"og:type\" content=\"article\" \/>\n<meta property=\"og:title\" content=\"Les tarifs nettoyage toitures - TEL : 07 68 84 97 01\" \/>\n<meta property=\"og:description\" content=\"Les tarifs nettoyage de toitures\/fa\u00e7ades Il varie selon la r\u00e9gion, l&rsquo;\u00e9tat et le niveau d&rsquo;encrassement de la toiture, le type de toiture, l&rsquo;accessibilit\u00e9 au toit et la technique utilis\u00e9e. Le tarif moyen d&rsquo;un nettoyage professionnel avec des produits professionnel de toiture co\u00fbte entre\u00a07 et 30 \u20ac par m\u00b2.Le prix de ce type d&rsquo;op\u00e9ration varie en&hellip; Lire la suite\" \/>\n<meta property=\"og:url\" content=\"https:\/\/www.nuisibles-et-toitures.com\/?page_id=1313\" \/>\n<meta property=\"og:site_name\" content=\"TEL : 07 68 84 97 01\" \/>\n<meta property=\"article:publisher\" content=\"https:\/\/www.facebook.com\/profile.php?id=61576756703166\" \/>\n<meta property=\"article:modified_time\" content=\"2026-01-11T13:10:47+00:00\" \/>\n<meta name=\"twitter:card\" content=\"summary_large_image\" \/>\n<meta name=\"twitter:label1\" content=\"Dur\u00e9e de lecture estim\u00e9e\" \/>\n\t<meta name=\"twitter:data1\" content=\"1 minute\" \/>\n<script type=\"application\/ld+json\" class=\"yoast-schema-graph\">{\"@context\":\"https:\/\/schema.org\",\"@graph\":[{\"@type\":\"WebPage\",\"@id\":\"https:\/\/www.nuisibles-et-toitures.com\/?page_id=1313\",\"url\":\"https:\/\/www.nuisibles-et-toitures.com\/?page_id=1313\",\"name\":\"Les tarifs nettoyage toitures - TEL : 07 68 84 97 01\",\"isPartOf\":{\"@id\":\"https:\/\/www.nuisibles-et-toitures.com\/#website\"},\"datePublished\":\"2026-01-11T13:10:46+00:00\",\"dateModified\":\"2026-01-11T13:10:47+00:00\",\"breadcrumb\":{\"@id\":\"https:\/\/www.nuisibles-et-toitures.com\/?page_id=1313#breadcrumb\"},\"inLanguage\":\"fr-FR\",\"potentialAction\":[{\"@type\":\"ReadAction\",\"target\":[\"https:\/\/www.nuisibles-et-toitures.com\/?page_id=1313\"]}]},{\"@type\":\"BreadcrumbList\",\"@id\":\"https:\/\/www.nuisibles-et-toitures.com\/?page_id=1313#breadcrumb\",\"itemListElement\":[{\"@type\":\"ListItem\",\"position\":1,\"name\":\"Accueil\",\"item\":\"https:\/\/www.nuisibles-et-toitures.com\/\"},{\"@type\":\"ListItem\",\"position\":2,\"name\":\"Les tarifs nettoyage toitures\"}]},{\"@type\":\"WebSite\",\"@id\":\"https:\/\/www.nuisibles-et-toitures.com\/#website\",\"url\":\"https:\/\/www.nuisibles-et-toitures.com\/\",\"name\":\"Nuisibles et Toitures\",\"description\":\"Qalit\u00e9 est notre mot cl\u00e9\",\"publisher\":{\"@id\":\"https:\/\/www.nuisibles-et-toitures.com\/#organization\"},\"potentialAction\":[{\"@type\":\"SearchAction\",\"target\":{\"@type\":\"EntryPoint\",\"urlTemplate\":\"https:\/\/www.nuisibles-et-toitures.com\/?s={search_term_string}\"},\"query-input\":{\"@type\":\"PropertyValueSpecification\",\"valueRequired\":true,\"valueName\":\"search_term_string\"}}],\"inLanguage\":\"fr-FR\"},{\"@type\":\"Organization\",\"@id\":\"https:\/\/www.nuisibles-et-toitures.com\/#organization\",\"name\":\"Droniz17\",\"url\":\"https:\/\/www.nuisibles-et-toitures.com\/\",\"logo\":{\"@type\":\"ImageObject\",\"inLanguage\":\"fr-FR\",\"@id\":\"https:\/\/www.nuisibles-et-toitures.com\/#\/schema\/logo\/image\/\",\"url\":\"\",\"contentUrl\":\"\",\"caption\":\"Droniz17\"},\"image\":{\"@id\":\"https:\/\/www.nuisibles-et-toitures.com\/#\/schema\/logo\/image\/\"},\"sameAs\":[\"https:\/\/www.facebook.com\/profile.php?id=61576756703166\"]}]}<\/script>\n<!-- \/ Yoast SEO plugin. -->","yoast_head_json":{"title":"Les tarifs nettoyage toitures - TEL : 07 68 84 97 01","robots":{"index":"index","follow":"follow","max-snippet":"max-snippet:-1","max-image-preview":"max-image-preview:large","max-video-preview":"max-video-preview:-1"},"canonical":"https:\/\/www.nuisibles-et-toitures.com\/?page_id=1313","og_locale":"fr_FR","og_type":"article","og_title":"Les tarifs nettoyage toitures - TEL : 07 68 84 97 01","og_description":"Les tarifs nettoyage de toitures\/fa\u00e7ades Il varie selon la r\u00e9gion, l&rsquo;\u00e9tat et le niveau d&rsquo;encrassement de la toiture, le type de toiture, l&rsquo;accessibilit\u00e9 au toit et la technique utilis\u00e9e. Le tarif moyen d&rsquo;un nettoyage professionnel avec des produits professionnel de toiture co\u00fbte entre\u00a07 et 30 \u20ac par m\u00b2.Le prix de ce type d&rsquo;op\u00e9ration varie en&hellip; Lire la suite","og_url":"https:\/\/www.nuisibles-et-toitures.com\/?page_id=1313","og_site_name":"TEL : 07 68 84 97 01","article_publisher":"https:\/\/www.facebook.com\/profile.php?id=61576756703166","article_modified_time":"2026-01-11T13:10:47+00:00","twitter_card":"summary_large_image","twitter_misc":{"Dur\u00e9e de lecture estim\u00e9e":"1 minute"},"schema":{"@context":"https:\/\/schema.org","@graph":[{"@type":"WebPage","@id":"https:\/\/www.nuisibles-et-toitures.com\/?page_id=1313","url":"https:\/\/www.nuisibles-et-toitures.com\/?page_id=1313","name":"Les tarifs nettoyage toitures - TEL : 07 68 84 97 01","isPartOf":{"@id":"https:\/\/www.nuisibles-et-toitures.com\/#website"},"datePublished":"2026-01-11T13:10:46+00:00","dateModified":"2026-01-11T13:10:47+00:00","breadcrumb":{"@id":"https:\/\/www.nuisibles-et-toitures.com\/?page_id=1313#breadcrumb"},"inLanguage":"fr-FR","potentialAction":[{"@type":"ReadAction","target":["https:\/\/www.nuisibles-et-toitures.com\/?page_id=1313"]}]},{"@type":"BreadcrumbList","@id":"https:\/\/www.nuisibles-et-toitures.com\/?page_id=1313#breadcrumb","itemListElement":[{"@type":"ListItem","position":1,"name":"Accueil","item":"https:\/\/www.nuisibles-et-toitures.com\/"},{"@type":"ListItem","position":2,"name":"Les tarifs nettoyage toitures"}]},{"@type":"WebSite","@id":"https:\/\/www.nuisibles-et-toitures.com\/#website","url":"https:\/\/www.nuisibles-et-toitures.com\/","name":"Nuisibles et Toitures","description":"Qalit\u00e9 est notre mot cl\u00e9","publisher":{"@id":"https:\/\/www.nuisibles-et-toitures.com\/#organization"},"potentialAction":[{"@type":"SearchAction","target":{"@type":"EntryPoint","urlTemplate":"https:\/\/www.nuisibles-et-toitures.com\/?s={search_term_string}"},"query-input":{"@type":"PropertyValueSpecification","valueRequired":true,"valueName":"search_term_string"}}],"inLanguage":"fr-FR"},{"@type":"Organization","@id":"https:\/\/www.nuisibles-et-toitures.com\/#organization","name":"Droniz17","url":"https:\/\/www.nuisibles-et-toitures.com\/","logo":{"@type":"ImageObject","inLanguage":"fr-FR","@id":"https:\/\/www.nuisibles-et-toitures.com\/#\/schema\/logo\/image\/","url":"","contentUrl":"","caption":"Droniz17"},"image":{"@id":"https:\/\/www.nuisibles-et-toitures.com\/#\/schema\/logo\/image\/"},"sameAs":["https:\/\/www.facebook.com\/profile.php?id=61576756703166"]}]}},"_links":{"self":[{"href":"https:\/\/www.nuisibles-et-toitures.com\/index.php?rest_route=\/wp\/v2\/pages\/1313","targetHints":{"allow":["GET"]}}],"collection":[{"href":"https:\/\/www.nuisibles-et-toitures.com\/index.php?rest_route=\/wp\/v2\/pages"}],"about":[{"href":"https:\/\/www.nuisibles-et-toitures.com\/index.php?rest_route=\/wp\/v2\/types\/page"}],"author":[{"embeddable":true,"href":"https:\/\/www.nuisibles-et-toitures.com\/index.php?rest_route=\/wp\/v2\/users\/1"}],"replies":[{"embeddable":true,"href":"https:\/\/www.nuisibles-et-toitures.com\/index.php?rest_route=%2Fwp%2Fv2%2Fcomments&post=1313"}],"version-history":[{"count":1,"href":"https:\/\/www.nuisibles-et-toitures.com\/index.php?rest_route=\/wp\/v2\/pages\/1313\/revisions"}],"predecessor-version":[{"id":1314,"href":"https:\/\/www.nuisibles-et-toitures.com\/index.php?rest_route=\/wp\/v2\/pages\/1313\/revisions\/1314"}],"wp:attachment":[{"href":"https:\/\/www.nuisibles-et-toitures.com\/index.php?rest_route=%2Fwp%2Fv2%2Fmedia&parent=1313"}],"curies":[{"name":"wp","href":"https:\/\/api.w.org\/{rel}","templated":true}]}}