{"id":1323,"date":"2026-01-11T15:20:11","date_gmt":"2026-01-11T14:20:11","guid":{"rendered":"https:\/\/www.nuisibles-et-toitures.com\/?page_id=1323"},"modified":"2026-01-11T15:20:12","modified_gmt":"2026-01-11T14:20:12","slug":"pourquoi-entretenir-sa-toiture","status":"publish","type":"page","link":"https:\/\/www.nuisibles-et-toitures.com\/?page_id=1323","title":{"rendered":"Pourquoi entretenir sa toiture ?"},"content":{"rendered":"\n<p>Pourquoi entretenir sa toiture ? <\/p>\n\n\n\n<p>La toiture est une partie importante d\u2019une maison et l\u2019une des plus expos\u00e9es aux intemp\u00e9ries. et surtout les micro-organismes (mousses,lichens) transport\u00e9s par l\u2019air ambiant. Un traitement toiture r\u00e9clame un entretien r\u00e9gulier. <\/p>\n\n\n\n<p>Sous l\u2019effet de l\u2019humidit\u00e9, ces v\u00e9g\u00e9taux prolif\u00e8rent rapidement sur les mat\u00e9riaux poreux des toitures. R\u00e9sultat :<\/p>\n\n\n\n<ul class=\"wp-block-list\">\n<li>Ils fragilisent la couverture (fissures, cassures), favorisant les <strong>infiltrations<\/strong>.<\/li>\n\n\n\n<li>Ils nuisent \u00e0 l\u2019<strong>esth\u00e9tique du toit<\/strong>.<\/li>\n\n\n\n<li>Ils <strong>obstruent<\/strong> les goutti\u00e8res.<\/li>\n<\/ul>\n\n\n\n<p><br>Un traitement toiture est une suite de plusieurs op\u00e9rations qui sont destin\u00e9es dans l&rsquo;ordre \u00e0 \u00e9liminer une agression, r\u00e9parer les dommages subis puis pr\u00e9venir de nouvelles agressions voire de r\u00e9nover l&rsquo;aspect du toit. Voici les m\u00e9thodes de nettoyage et d\u2019entretien pour rendre votre toiture plus solide, plus \u00e9tanche.<br>Dans les zones humides ou lorsque votre toiture est abrit\u00e9e sous des arbres, on voit souvent appara\u00eetre des mousses, et lichens qui donnent cet aspect verd\u00e2tre aux ardoises, tuiles ou plaques de la couverture.Ces v\u00e9g\u00e9taux qui ont tendance \u00e0 percer les mat\u00e9riaux pour y ancrer leurs racines qui nuisent dangereusement \u00e0 l\u2019\u00e9tanch\u00e9it\u00e9 du toit. Le nettoyage \u00e0 basse pression peut \u00eatre une option de nettoyage pour retrouver une toiture lisse et propre. Un pulv\u00e9risateur suffit pour que votre toiture soit d\u00e9barrass\u00e9e de tous ses d\u00e9chets. Cette m\u00e9thode de nettoyage est efficace, rapide, performante et favorise un d\u00e9crassage parfait. L\u2019application d\u2019un produit anti-mousse<br>est appliqu\u00e9 sur toute la surface.<\/p>\n\n\n\n<p><strong>N\u2019utilisez jamais d\u2019eau de Javel sur ce type de mat\u00e9riau.<\/strong><\/p>\n\n\n\n<p><br>Il est recommand\u00e9 d\u2019appliquer un traitement anti-mousse Afin de pr\u00e9server votre toiture \u00e0 long terme, le d\u00e9moussage de toiture est \u00e0 r\u00e9aliser suivant les r\u00e9gions tous les 4 \u00e0 8 ans avec un traitement anti-mousse.<br>La fr\u00e9quence d\u00e9pend de son anciennet\u00e9.<br>Ce traitement, \u00e0 long terme, devrait conserver votre toiture sous son plus beau jour.. Il en existe plusieurs sur le march\u00e9. Les plus utilis\u00e9s sont les produits anti-mousses concentr\u00e9s et solubles dans l\u2019eau pr\u00eats \u00e0 l\u2019emploi. Cette m\u00e9thode est la plus \u00e9conomique mais ne garantie pas un travail optimale.<\/p>\n\n\n\n<p>Nous nous engageons \u00e0 travailler avec des produits professionnels adapt\u00e9 \u00e0 votre toiture pour effectuer un travail de qualit\u00e9 sur le Bassin de Marennes Ol\u00e9ron, Rochefort, le pays Royannais, La Rochelle, l&rsquo;Ile de R\u00e9 &#8230;. <br>L\u2019application d\u2019un hydrofuge peut \u00eatre n\u00e9cessaire pour l\u2019entretien de votre toiture afin de prot\u00e9ger les mat\u00e9riaux de toiture devenus poreux sous l\u2019effet du temps, vous retardez donc l\u2019apparition des mousses pendant une p\u00e9riode comprise entre 3 \u00e0 7 ans il est indispensable de pulv\u00e9riser sur la toiture, un produit hydrofuge servant \u00e0 cr\u00e9er un film imperm\u00e9able.<br>En les utilisant, vous retardez donc l\u2019apparition des mousses pendant une p\u00e9riode comprise entre 1 \u00e0 10 ans, Utiliser le bon produit pour un meilleur rendement cela facilitera l&rsquo;application de l&rsquo;hydrofuge<br>Par ailleurs, ces produits hydrofuges sont compatibles avec n\u2019importe quel type de toiture, ils s\u2019appliquent avec une brosse ou par pulv\u00e9risation en une ou plusieurs couches. En plus d\u2019\u00eatre efficaces, ces produits d\u2019entretien offrent l\u2019avantage d\u2019\u00eatre pratique et \u00e9conomique.<\/p>\n","protected":false},"excerpt":{"rendered":"<p>Pourquoi entretenir sa toiture ? La toiture est une partie importante d\u2019une maison et l\u2019une des plus expos\u00e9es aux intemp\u00e9ries. et surtout les micro-organismes (mousses,lichens) transport\u00e9s par l\u2019air ambiant. Un traitement toiture r\u00e9clame un entretien r\u00e9gulier. Sous l\u2019effet de l\u2019humidit\u00e9, ces v\u00e9g\u00e9taux prolif\u00e8rent rapidement sur les mat\u00e9riaux poreux des toitures. R\u00e9sultat : Un traitement toiture&hellip; <br \/> <a class=\"read-more\" href=\"https:\/\/www.nuisibles-et-toitures.com\/?page_id=1323\">Lire la suite<\/a><\/p>\n","protected":false},"author":1,"featured_media":0,"parent":0,"menu_order":0,"comment_status":"closed","ping_status":"closed","template":"","meta":{"_monsterinsights_skip_tracking":false,"_monsterinsights_sitenote_active":false,"_monsterinsights_sitenote_note":"","_monsterinsights_sitenote_category":0,"footnotes":""},"class_list":["post-1323","page","type-page","status-publish","hentry"],"yoast_head":"<!-- This site is optimized with the Yoast SEO plugin v26.9 - https:\/\/yoast.com\/product\/yoast-seo-wordpress\/ -->\n<title>Pourquoi entretenir sa toiture ? - TEL : 07 68 84 97 01<\/title>\n<meta name=\"robots\" content=\"index, follow, max-snippet:-1, max-image-preview:large, max-video-preview:-1\" \/>\n<link rel=\"canonical\" href=\"https:\/\/www.nuisibles-et-toitures.com\/?page_id=1323\" \/>\n<meta property=\"og:locale\" content=\"fr_FR\" \/>\n<meta property=\"og:type\" content=\"article\" \/>\n<meta property=\"og:title\" content=\"Pourquoi entretenir sa toiture ? - TEL : 07 68 84 97 01\" \/>\n<meta property=\"og:description\" content=\"Pourquoi entretenir sa toiture ? La toiture est une partie importante d\u2019une maison et l\u2019une des plus expos\u00e9es aux intemp\u00e9ries. et surtout les micro-organismes (mousses,lichens) transport\u00e9s par l\u2019air ambiant. Un traitement toiture r\u00e9clame un entretien r\u00e9gulier. Sous l\u2019effet de l\u2019humidit\u00e9, ces v\u00e9g\u00e9taux prolif\u00e8rent rapidement sur les mat\u00e9riaux poreux des toitures. R\u00e9sultat : Un traitement toiture&hellip; Lire la suite\" \/>\n<meta property=\"og:url\" content=\"https:\/\/www.nuisibles-et-toitures.com\/?page_id=1323\" \/>\n<meta property=\"og:site_name\" content=\"TEL : 07 68 84 97 01\" \/>\n<meta property=\"article:publisher\" content=\"https:\/\/www.facebook.com\/profile.php?id=61576756703166\" \/>\n<meta property=\"article:modified_time\" content=\"2026-01-11T14:20:12+00:00\" \/>\n<meta name=\"twitter:card\" content=\"summary_large_image\" \/>\n<meta name=\"twitter:label1\" content=\"Dur\u00e9e de lecture estim\u00e9e\" \/>\n\t<meta name=\"twitter:data1\" content=\"3 minutes\" \/>\n<script type=\"application\/ld+json\" class=\"yoast-schema-graph\">{\"@context\":\"https:\/\/schema.org\",\"@graph\":[{\"@type\":\"WebPage\",\"@id\":\"https:\/\/www.nuisibles-et-toitures.com\/?page_id=1323\",\"url\":\"https:\/\/www.nuisibles-et-toitures.com\/?page_id=1323\",\"name\":\"Pourquoi entretenir sa toiture ? - TEL : 07 68 84 97 01\",\"isPartOf\":{\"@id\":\"https:\/\/www.nuisibles-et-toitures.com\/#website\"},\"datePublished\":\"2026-01-11T14:20:11+00:00\",\"dateModified\":\"2026-01-11T14:20:12+00:00\",\"breadcrumb\":{\"@id\":\"https:\/\/www.nuisibles-et-toitures.com\/?page_id=1323#breadcrumb\"},\"inLanguage\":\"fr-FR\",\"potentialAction\":[{\"@type\":\"ReadAction\",\"target\":[\"https:\/\/www.nuisibles-et-toitures.com\/?page_id=1323\"]}]},{\"@type\":\"BreadcrumbList\",\"@id\":\"https:\/\/www.nuisibles-et-toitures.com\/?page_id=1323#breadcrumb\",\"itemListElement\":[{\"@type\":\"ListItem\",\"position\":1,\"name\":\"Accueil\",\"item\":\"https:\/\/www.nuisibles-et-toitures.com\/\"},{\"@type\":\"ListItem\",\"position\":2,\"name\":\"Pourquoi entretenir sa toiture ?\"}]},{\"@type\":\"WebSite\",\"@id\":\"https:\/\/www.nuisibles-et-toitures.com\/#website\",\"url\":\"https:\/\/www.nuisibles-et-toitures.com\/\",\"name\":\"Nuisibles et Toitures\",\"description\":\"Qalit\u00e9 est notre mot cl\u00e9\",\"publisher\":{\"@id\":\"https:\/\/www.nuisibles-et-toitures.com\/#organization\"},\"potentialAction\":[{\"@type\":\"SearchAction\",\"target\":{\"@type\":\"EntryPoint\",\"urlTemplate\":\"https:\/\/www.nuisibles-et-toitures.com\/?s={search_term_string}\"},\"query-input\":{\"@type\":\"PropertyValueSpecification\",\"valueRequired\":true,\"valueName\":\"search_term_string\"}}],\"inLanguage\":\"fr-FR\"},{\"@type\":\"Organization\",\"@id\":\"https:\/\/www.nuisibles-et-toitures.com\/#organization\",\"name\":\"Droniz17\",\"url\":\"https:\/\/www.nuisibles-et-toitures.com\/\",\"logo\":{\"@type\":\"ImageObject\",\"inLanguage\":\"fr-FR\",\"@id\":\"https:\/\/www.nuisibles-et-toitures.com\/#\/schema\/logo\/image\/\",\"url\":\"\",\"contentUrl\":\"\",\"caption\":\"Droniz17\"},\"image\":{\"@id\":\"https:\/\/www.nuisibles-et-toitures.com\/#\/schema\/logo\/image\/\"},\"sameAs\":[\"https:\/\/www.facebook.com\/profile.php?id=61576756703166\"]}]}<\/script>\n<!-- \/ Yoast SEO plugin. -->","yoast_head_json":{"title":"Pourquoi entretenir sa toiture ? - TEL : 07 68 84 97 01","robots":{"index":"index","follow":"follow","max-snippet":"max-snippet:-1","max-image-preview":"max-image-preview:large","max-video-preview":"max-video-preview:-1"},"canonical":"https:\/\/www.nuisibles-et-toitures.com\/?page_id=1323","og_locale":"fr_FR","og_type":"article","og_title":"Pourquoi entretenir sa toiture ? - TEL : 07 68 84 97 01","og_description":"Pourquoi entretenir sa toiture ? La toiture est une partie importante d\u2019une maison et l\u2019une des plus expos\u00e9es aux intemp\u00e9ries. et surtout les micro-organismes (mousses,lichens) transport\u00e9s par l\u2019air ambiant. Un traitement toiture r\u00e9clame un entretien r\u00e9gulier. Sous l\u2019effet de l\u2019humidit\u00e9, ces v\u00e9g\u00e9taux prolif\u00e8rent rapidement sur les mat\u00e9riaux poreux des toitures. R\u00e9sultat : Un traitement toiture&hellip; Lire la suite","og_url":"https:\/\/www.nuisibles-et-toitures.com\/?page_id=1323","og_site_name":"TEL : 07 68 84 97 01","article_publisher":"https:\/\/www.facebook.com\/profile.php?id=61576756703166","article_modified_time":"2026-01-11T14:20:12+00:00","twitter_card":"summary_large_image","twitter_misc":{"Dur\u00e9e de lecture estim\u00e9e":"3 minutes"},"schema":{"@context":"https:\/\/schema.org","@graph":[{"@type":"WebPage","@id":"https:\/\/www.nuisibles-et-toitures.com\/?page_id=1323","url":"https:\/\/www.nuisibles-et-toitures.com\/?page_id=1323","name":"Pourquoi entretenir sa toiture ? - TEL : 07 68 84 97 01","isPartOf":{"@id":"https:\/\/www.nuisibles-et-toitures.com\/#website"},"datePublished":"2026-01-11T14:20:11+00:00","dateModified":"2026-01-11T14:20:12+00:00","breadcrumb":{"@id":"https:\/\/www.nuisibles-et-toitures.com\/?page_id=1323#breadcrumb"},"inLanguage":"fr-FR","potentialAction":[{"@type":"ReadAction","target":["https:\/\/www.nuisibles-et-toitures.com\/?page_id=1323"]}]},{"@type":"BreadcrumbList","@id":"https:\/\/www.nuisibles-et-toitures.com\/?page_id=1323#breadcrumb","itemListElement":[{"@type":"ListItem","position":1,"name":"Accueil","item":"https:\/\/www.nuisibles-et-toitures.com\/"},{"@type":"ListItem","position":2,"name":"Pourquoi entretenir sa toiture ?"}]},{"@type":"WebSite","@id":"https:\/\/www.nuisibles-et-toitures.com\/#website","url":"https:\/\/www.nuisibles-et-toitures.com\/","name":"Nuisibles et Toitures","description":"Qalit\u00e9 est notre mot cl\u00e9","publisher":{"@id":"https:\/\/www.nuisibles-et-toitures.com\/#organization"},"potentialAction":[{"@type":"SearchAction","target":{"@type":"EntryPoint","urlTemplate":"https:\/\/www.nuisibles-et-toitures.com\/?s={search_term_string}"},"query-input":{"@type":"PropertyValueSpecification","valueRequired":true,"valueName":"search_term_string"}}],"inLanguage":"fr-FR"},{"@type":"Organization","@id":"https:\/\/www.nuisibles-et-toitures.com\/#organization","name":"Droniz17","url":"https:\/\/www.nuisibles-et-toitures.com\/","logo":{"@type":"ImageObject","inLanguage":"fr-FR","@id":"https:\/\/www.nuisibles-et-toitures.com\/#\/schema\/logo\/image\/","url":"","contentUrl":"","caption":"Droniz17"},"image":{"@id":"https:\/\/www.nuisibles-et-toitures.com\/#\/schema\/logo\/image\/"},"sameAs":["https:\/\/www.facebook.com\/profile.php?id=61576756703166"]}]}},"_links":{"self":[{"href":"https:\/\/www.nuisibles-et-toitures.com\/index.php?rest_route=\/wp\/v2\/pages\/1323","targetHints":{"allow":["GET"]}}],"collection":[{"href":"https:\/\/www.nuisibles-et-toitures.com\/index.php?rest_route=\/wp\/v2\/pages"}],"about":[{"href":"https:\/\/www.nuisibles-et-toitures.com\/index.php?rest_route=\/wp\/v2\/types\/page"}],"author":[{"embeddable":true,"href":"https:\/\/www.nuisibles-et-toitures.com\/index.php?rest_route=\/wp\/v2\/users\/1"}],"replies":[{"embeddable":true,"href":"https:\/\/www.nuisibles-et-toitures.com\/index.php?rest_route=%2Fwp%2Fv2%2Fcomments&post=1323"}],"version-history":[{"count":1,"href":"https:\/\/www.nuisibles-et-toitures.com\/index.php?rest_route=\/wp\/v2\/pages\/1323\/revisions"}],"predecessor-version":[{"id":1324,"href":"https:\/\/www.nuisibles-et-toitures.com\/index.php?rest_route=\/wp\/v2\/pages\/1323\/revisions\/1324"}],"wp:attachment":[{"href":"https:\/\/www.nuisibles-et-toitures.com\/index.php?rest_route=%2Fwp%2Fv2%2Fmedia&parent=1323"}],"curies":[{"name":"wp","href":"https:\/\/api.w.org\/{rel}","templated":true}]}}