{"id":985,"date":"2025-05-08T23:08:23","date_gmt":"2025-05-08T21:08:23","guid":{"rendered":"https:\/\/www.droniz17.com\/?page_id=985"},"modified":"2026-01-11T16:13:58","modified_gmt":"2026-01-11T15:13:58","slug":"differencier-labeille-la-guepe-et-le-frelon-asiatique-europeen","status":"publish","type":"page","link":"https:\/\/www.nuisibles-et-toitures.com\/?page_id=985","title":{"rendered":"Diff\u00e9rencier L&rsquo;abeille, la gu\u00eape et le frelon asiatique\/europ\u00e9en"},"content":{"rendered":"\n<p>Diff\u00e9rencier L&rsquo;abeille, la gu\u00eape et le frelon asiatique\/europ\u00e9en<br><strong>L\u2019abeille<\/strong>:<\/p>\n\n\n<div class=\"wp-block-image\">\n<figure class=\"alignright size-large is-resized\"><img loading=\"lazy\" decoding=\"async\" width=\"1024\" height=\"538\" src=\"https:\/\/www.nuisibles-et-toitures.com\/wp-content\/uploads\/2026\/01\/abeille-1024x538.jpg\" alt=\"\" class=\"wp-image-1327\" style=\"aspect-ratio:1.903323218969173;width:448px;height:auto\" srcset=\"https:\/\/www.nuisibles-et-toitures.com\/wp-content\/uploads\/2026\/01\/abeille-1024x538.jpg 1024w, https:\/\/www.nuisibles-et-toitures.com\/wp-content\/uploads\/2026\/01\/abeille-300x158.jpg 300w, https:\/\/www.nuisibles-et-toitures.com\/wp-content\/uploads\/2026\/01\/abeille-768x403.jpg 768w, https:\/\/www.nuisibles-et-toitures.com\/wp-content\/uploads\/2026\/01\/abeille.jpg 1200w\" sizes=\"auto, (max-width: 1024px) 100vw, 1024px\" \/><\/figure>\n<\/div>\n\n\n<p>L\u2019abeille est une esp\u00e8ce importante pour l\u2019\u00e9cosyst\u00e8me et dans la mesure du possible, nous essayons de les r\u00e9cup\u00e9r\u00e9s pour ensuite les donner \u00e0 nos amis apiculteurs.<\/p>\n\n\n\n<p>Fragile et cible du frelon asiatique, elle est particuli\u00e8rement utile \u00e0 la nature gr\u00e2ce \u00e0 la pollinisation.<br>Les hym\u00e9nopt\u00e8res vivent en communaut\u00e9.Un nid en activit\u00e9 peut contenir des centaines voire des milliers d\u2019individus selon son stade de d\u00e9veloppement.<\/p>\n\n\n\n<p>Les nids signal\u00e9s se trouvent le plus souvent pr\u00e8s des habitations, dans des combles de maison, dans les jardins, au niveau des toits, accroch\u00e9s aux goutti\u00e8res, sur le rebord d\u2019une fen\u00eatre\u2026 mais aussi dans un arbre, une haie, et m\u00eame dans une chemin\u00e9e.<\/p>\n\n\n<div class=\"wp-block-image\">\n<figure class=\"alignright size-full is-resized\"><img loading=\"lazy\" decoding=\"async\" width=\"512\" height=\"512\" src=\"http:\/\/www.nuisibles-et-toitures.com\/wp-content\/uploads\/2025\/04\/cropped-guepe.jpg\" alt=\"\" class=\"wp-image-1094\" style=\"width:371px;height:auto\" srcset=\"https:\/\/www.nuisibles-et-toitures.com\/wp-content\/uploads\/2025\/04\/cropped-guepe.jpg 512w, https:\/\/www.nuisibles-et-toitures.com\/wp-content\/uploads\/2025\/04\/cropped-guepe-300x300.jpg 300w, https:\/\/www.nuisibles-et-toitures.com\/wp-content\/uploads\/2025\/04\/cropped-guepe-150x150.jpg 150w, https:\/\/www.nuisibles-et-toitures.com\/wp-content\/uploads\/2025\/04\/cropped-guepe-270x270.jpg 270w, https:\/\/www.nuisibles-et-toitures.com\/wp-content\/uploads\/2025\/04\/cropped-guepe-192x192.jpg 192w, https:\/\/www.nuisibles-et-toitures.com\/wp-content\/uploads\/2025\/04\/cropped-guepe-180x180.jpg 180w, https:\/\/www.nuisibles-et-toitures.com\/wp-content\/uploads\/2025\/04\/cropped-guepe-32x32.jpg 32w\" sizes=\"auto, (max-width: 512px) 100vw, 512px\" \/><\/figure>\n<\/div>\n\n\n<p><br><strong>Les gu\u00eapes :<\/strong> <br><br>Les gu\u00eapes, appartenant \u00e9galement \u00e0 l\u2019ordre des hym\u00e9nopt\u00e8res, sont aussi des pollinisatrices et jouent donc un r\u00f4le utile dans l\u2019environnement.<\/p>\n\n\n\n<p>Elles sont plus simples \u00e0 reconna\u00eetre gr\u00e2ce \u00e0 leur corps tr\u00e8s fin et leur petite taille. L\u2019alimentation des gu\u00eapes se constitue de petits insectes mais surtout de liquides sucr\u00e9s comme le nectar de fleurs, le jus de fruits ou le miel. Les gu\u00eapes sont donc plus proches de l\u2019humain puisqu\u2019elles sont facilement attir\u00e9es par les aliments sucr\u00e9s contrairement aux frelons qui \u00e9vitent trop de proximit\u00e9.<\/p>\n\n\n\n<p><strong>Les nids de gu\u00eapes<\/strong>:<\/p>\n\n\n<div class=\"wp-block-image\">\n<figure class=\"alignright size-full is-resized\"><img loading=\"lazy\" decoding=\"async\" width=\"640\" height=\"427\" src=\"https:\/\/www.nuisibles-et-toitures.com\/wp-content\/uploads\/2026\/01\/nid-de-guepes.jpg\" alt=\"\" class=\"wp-image-1330\" style=\"aspect-ratio:1.4988564632696002;width:376px;height:auto\" srcset=\"https:\/\/www.nuisibles-et-toitures.com\/wp-content\/uploads\/2026\/01\/nid-de-guepes.jpg 640w, https:\/\/www.nuisibles-et-toitures.com\/wp-content\/uploads\/2026\/01\/nid-de-guepes-300x200.jpg 300w\" sizes=\"auto, (max-width: 640px) 100vw, 640px\" \/><\/figure>\n<\/div>\n\n\n<p>La taille de leur nid peut aller de la taille d\u2019une balle de golf \u00e0 la taille d\u2019un ballon de foot en \u00e9t\u00e9. Elles ont la particularit\u00e9 de construire leur nid dans de nombreux endroits diff\u00e9rents :<\/p>\n\n\n\n<p>Dans les combles<br>Dans les charpentes<br>Dans un arbre \/ ou autre espace de votre jardin<br>Dans la terre<br>Dans l\u2019encadrement des fen\u00eatres \u2026<\/p>\n\n\n\n<p><br><\/p>\n\n\n\n<p><strong>Les frelons asiatiques<\/strong>: <\/p>\n\n\n<div class=\"wp-block-image\">\n<figure class=\"alignright size-large is-resized\"><img loading=\"lazy\" decoding=\"async\" width=\"1024\" height=\"1024\" src=\"https:\/\/www.nuisibles-et-toitures.com\/wp-content\/uploads\/2026\/01\/Frelon-asiatique-1024x1024.png\" alt=\"\" class=\"wp-image-1331\" style=\"width:517px;height:auto\" srcset=\"https:\/\/www.nuisibles-et-toitures.com\/wp-content\/uploads\/2026\/01\/Frelon-asiatique-1024x1024.png 1024w, https:\/\/www.nuisibles-et-toitures.com\/wp-content\/uploads\/2026\/01\/Frelon-asiatique-300x300.png 300w, https:\/\/www.nuisibles-et-toitures.com\/wp-content\/uploads\/2026\/01\/Frelon-asiatique-150x150.png 150w, https:\/\/www.nuisibles-et-toitures.com\/wp-content\/uploads\/2026\/01\/Frelon-asiatique-768x768.png 768w, https:\/\/www.nuisibles-et-toitures.com\/wp-content\/uploads\/2026\/01\/Frelon-asiatique.png 1080w\" sizes=\"auto, (max-width: 1024px) 100vw, 1024px\" \/><\/figure>\n<\/div>\n\n\n<p>Comme son nom l\u2019indique, les frelons asiatiques viennent de pays d\u2019Asie comme l\u2019Inde, la Chine ou encore vers l\u2019Indon\u00e9sie o\u00f9 ils sont les plus pr\u00e9sents. Ils sont arriv\u00e9s en France il y a une quinzaine d\u2019ann\u00e9es et ont petit \u00e0 petit commenc\u00e9 \u00e0 se propager.<br><br>&nbsp;&nbsp;&nbsp;&nbsp;&nbsp;&nbsp;&nbsp;&nbsp;&nbsp;&nbsp;&nbsp; Comment diff\u00e9rencier un frelon asiatique ?&nbsp; Une de leurs caract\u00e9ristiques est qu\u2019ils sont d\u2019une couleur beaucoup plus fonc\u00e9e que les frelons europ\u00e9ens ou que les gu\u00eapes. \u00c0 la diff\u00e9rence de ces derniers, qui sont majoritairement jaune, seul l\u2019extr\u00e9mit\u00e9 de leurs pattes sont jaune vif. En plus de leur couleur, les frelons asiatiques sont plus petits que les frelons europ\u00e9ens ce qui facilite leur identification.<\/p>\n\n\n\n<p>Les frelons asiatiques ne sont pas plus dangereux que les gu\u00eapes, bourdons ou d\u2019autres hym\u00e9nopt\u00e8res. Cependant, ils sont particuli\u00e8rement n\u00e9fastes pour l\u2019\u00e9cosyst\u00e8me car en se nourrissant, ils ont tendance \u00e0 s\u2019attaquer aux vergers et aux abeilles par la m\u00eame occasion. Leur alimentation englobe aussi bien les petits insectes que les plus gros tels que les mouches, les gu\u00eapes ou encore les papillons.<\/p>\n\n\n\n<p><\/p>\n\n\n\n<p><br><strong>Les frelons europ\u00e9ens<\/strong>:<\/p>\n\n\n<div class=\"wp-block-image\">\n<figure class=\"alignright size-large is-resized\"><img loading=\"lazy\" decoding=\"async\" width=\"1024\" height=\"768\" src=\"https:\/\/www.nuisibles-et-toitures.com\/wp-content\/uploads\/2026\/01\/frelon-europeen-1024x768.webp\" alt=\"\" class=\"wp-image-1334\" style=\"width:516px;height:auto\" srcset=\"https:\/\/www.nuisibles-et-toitures.com\/wp-content\/uploads\/2026\/01\/frelon-europeen-1024x768.webp 1024w, https:\/\/www.nuisibles-et-toitures.com\/wp-content\/uploads\/2026\/01\/frelon-europeen-300x225.webp 300w, https:\/\/www.nuisibles-et-toitures.com\/wp-content\/uploads\/2026\/01\/frelon-europeen-768x576.webp 768w, https:\/\/www.nuisibles-et-toitures.com\/wp-content\/uploads\/2026\/01\/frelon-europeen.webp 1200w\" sizes=\"auto, (max-width: 1024px) 100vw, 1024px\" \/><\/figure>\n<\/div>\n\n\n<p>Les frelons europ\u00e9ens ont, en termes de couleur, une apparence qui se rapproche plus des gu\u00eapes. Leur principale caract\u00e9ristique est leur taille qui permet de les diff\u00e9rencier des autres gu\u00eapes. En effet, les frelons europ\u00e9ens sont beaucoup plus grands que les frelons asiatiques, ce qui les rend plus facilement reconnaissables.<br>En ce qui concerne leur apparence, les frelons europ\u00e9ens ont une couleur tirant vers le jaune, le noir et le roux, ce qui lui donne plus de points communs avec la gu\u00eape qu\u2019avec le frelon asiatique qui est plus fonc\u00e9. &nbsp;&nbsp;&nbsp;&nbsp;&nbsp;&nbsp;&nbsp;&nbsp;&nbsp;&nbsp;<br>Son alimentation est plut\u00f4t similaire au frelon asiatique car celui-ci va \u00e9galement se nourrir d\u2019abeilles, de mouches ou de gu\u00eapes mais de mani\u00e8re plus anecdotique. Son alimentation est vari\u00e9e car il va davantage se nourrir de nectar de fleurs et de pulpe de fruits.<\/p>\n\n\n\n<p><strong>Le nid de frelons<\/strong><\/p>\n\n\n\n<p><strong>Frelons asiatiques :<\/strong> Leur nid \u00e0 une forme de boule avec une toute petite entr\u00e9e situ\u00e9e sur le c\u00f4t\u00e9 et non devant.<br>Ils font en sorte de mettre leur nid en hauteur, dans un arbre par exemple, pour se prot\u00e9ger des autres esp\u00e8ces. <\/p>\n\n\n<div class=\"wp-block-image\">\n<figure class=\"aligncenter size-full is-resized\"><img loading=\"lazy\" decoding=\"async\" width=\"1024\" height=\"576\" src=\"https:\/\/www.nuisibles-et-toitures.com\/wp-content\/uploads\/2026\/01\/nid-frelons-europeens-frelons-asiatiques-1024x576-1.jpg\" alt=\"\" class=\"wp-image-1339\" style=\"aspect-ratio:1.7777457454857073;width:570px;height:auto\" srcset=\"https:\/\/www.nuisibles-et-toitures.com\/wp-content\/uploads\/2026\/01\/nid-frelons-europeens-frelons-asiatiques-1024x576-1.jpg 1024w, https:\/\/www.nuisibles-et-toitures.com\/wp-content\/uploads\/2026\/01\/nid-frelons-europeens-frelons-asiatiques-1024x576-1-300x169.jpg 300w, https:\/\/www.nuisibles-et-toitures.com\/wp-content\/uploads\/2026\/01\/nid-frelons-europeens-frelons-asiatiques-1024x576-1-768x432.jpg 768w\" sizes=\"auto, (max-width: 1024px) 100vw, 1024px\" \/><\/figure>\n<\/div>\n\n\n<p><strong>Frelons europ\u00e9ens :<\/strong> La forme de leur nid ressemble davantage \u00e0 une cloche avec une large ouverture. \u00c0 l\u2019inverse des frelons asiatiques, ils vont faire leur nid dans des endroits sombres \u00e0 l\u2019abri de la lumi\u00e8re comme dans le creux d\u2019un arbre, dans un garage ou dans un grenier.<\/p>\n\n\n\n<figure class=\"wp-block-table\"><table class=\"has-fixed-layout\"><thead><tr><th>Caract\u00e9ristique<\/th><th>Frelon europ\u00e9en<\/th><th>Frelon asiatique<\/th><\/tr><\/thead><tbody><tr><td>Couleur du thorax<\/td><td>Roux<\/td><td>Noir velout\u00e9<\/td><\/tr><tr><td>Couleur de la t\u00eate<\/td><td>Jaune de face, rouge sur le dessus<\/td><td>Orange avec front noir<\/td><\/tr><tr><td>Abdomen<\/td><td>Jaune ray\u00e9 de noir<\/td><td>Sombre avec un anneau orang\u00e9<\/td><\/tr><tr><td>Pattes<\/td><td>Brunes ou noires<\/td><td>Jaunes aux extr\u00e9mit\u00e9s<\/td><\/tr><tr><td>Taille moyenne<\/td><td>Jusqu\u2019\u00e0 3,5 cm<\/td><td>Environ 3 cm<\/td><\/tr><tr><td>Vol<\/td><td>Bruyant, plus direct<\/td><td>Silencieux, stationnaire<\/td><\/tr><tr><td>Agressivit\u00e9<\/td><td>Faible, attaque si menac\u00e9<\/td><td>Forte, attaques en groupe<\/td><\/tr><tr><td>Nid<\/td><td>En cloche, en cavit\u00e9, ouvert en bas<\/td><td>Sph\u00e9rique, en hauteur, ouvert sur le c\u00f4t\u00e9<\/td><\/tr><tr><td>P\u00e9riode de sortie reine<\/td><td>Mai<\/td><td>F\u00e9vrier \u2013 mars<\/td><\/tr><tr><td>R\u00f4le \u00e9cologique<\/td><td>Utile contre certains parasites<\/td><td>Nuisible pour les abeilles<\/td><\/tr><\/tbody><\/table><\/figure>\n\n\n\n<figure class=\"wp-block-embed is-type-video is-provider-youtube wp-block-embed-youtube wp-embed-aspect-16-9 wp-has-aspect-ratio\"><div class=\"wp-block-embed__wrapper\">\n<div class='embed-container'><iframe loading=\"lazy\" title=\"Les diff\u00e9rences entre une scolie des jardins, un frelon Asiatique et un frelon Europ\u00e9en.\" width=\"1920\" height=\"1080\" src=\"https:\/\/www.youtube.com\/embed\/p_Xx5jekhIA?feature=oembed\" frameborder=\"0\" allow=\"accelerometer; autoplay; clipboard-write; encrypted-media; gyroscope; picture-in-picture; web-share\" referrerpolicy=\"strict-origin-when-cross-origin\" allowfullscreen><\/iframe><\/div>\n<\/div><\/figure>\n\n\n<div class=\"wp-block-image\">\n<figure class=\"alignleft size-large\"><img loading=\"lazy\" decoding=\"async\" width=\"903\" height=\"1024\" src=\"http:\/\/www.nuisibles-et-toitures.com\/wp-content\/uploads\/2025\/04\/differencier-les-guepes-frelon-asia-et-europe-903x1024.webp\" alt=\"\" class=\"wp-image-311\" style=\"aspect-ratio:0.8818323000277757\" srcset=\"https:\/\/www.nuisibles-et-toitures.com\/wp-content\/uploads\/2025\/04\/differencier-les-guepes-frelon-asia-et-europe-903x1024.webp 903w, https:\/\/www.nuisibles-et-toitures.com\/wp-content\/uploads\/2025\/04\/differencier-les-guepes-frelon-asia-et-europe-265x300.webp 265w, https:\/\/www.nuisibles-et-toitures.com\/wp-content\/uploads\/2025\/04\/differencier-les-guepes-frelon-asia-et-europe-768x871.webp 768w, https:\/\/www.nuisibles-et-toitures.com\/wp-content\/uploads\/2025\/04\/differencier-les-guepes-frelon-asia-et-europe.webp 1129w\" sizes=\"auto, (max-width: 903px) 100vw, 903px\" \/><\/figure>\n<\/div>\n\n\n<p><\/p>\n","protected":false},"excerpt":{"rendered":"<p>Diff\u00e9rencier L&rsquo;abeille, la gu\u00eape et le frelon asiatique\/europ\u00e9enL\u2019abeille: L\u2019abeille est une esp\u00e8ce importante pour l\u2019\u00e9cosyst\u00e8me et dans la mesure du possible, nous essayons de les r\u00e9cup\u00e9r\u00e9s pour ensuite les donner \u00e0 nos amis apiculteurs. Fragile et cible du frelon asiatique, elle est particuli\u00e8rement utile \u00e0 la nature gr\u00e2ce \u00e0 la pollinisation.Les hym\u00e9nopt\u00e8res vivent en communaut\u00e9.Un&hellip; <br \/> <a class=\"read-more\" href=\"https:\/\/www.nuisibles-et-toitures.com\/?page_id=985\">Lire la suite<\/a><\/p>\n","protected":false},"author":1,"featured_media":0,"parent":0,"menu_order":0,"comment_status":"closed","ping_status":"closed","template":"","meta":{"_monsterinsights_skip_tracking":false,"_monsterinsights_sitenote_active":false,"_monsterinsights_sitenote_note":"","_monsterinsights_sitenote_category":0,"footnotes":""},"class_list":["post-985","page","type-page","status-publish","hentry"],"yoast_head":"<!-- This site is optimized with the Yoast SEO plugin v26.9 - https:\/\/yoast.com\/product\/yoast-seo-wordpress\/ -->\n<title>Diff\u00e9rencier L&#039;abeille, la gu\u00eape et le frelon asiatique\/europ\u00e9en - TEL : 07 68 84 97 01<\/title>\n<meta name=\"robots\" content=\"index, follow, max-snippet:-1, max-image-preview:large, max-video-preview:-1\" \/>\n<link rel=\"canonical\" href=\"https:\/\/www.nuisibles-et-toitures.com\/?page_id=985\" \/>\n<meta property=\"og:locale\" content=\"fr_FR\" \/>\n<meta property=\"og:type\" content=\"article\" \/>\n<meta property=\"og:title\" content=\"Diff\u00e9rencier L&#039;abeille, la gu\u00eape et le frelon asiatique\/europ\u00e9en - TEL : 07 68 84 97 01\" \/>\n<meta property=\"og:description\" content=\"Diff\u00e9rencier L&rsquo;abeille, la gu\u00eape et le frelon asiatique\/europ\u00e9enL\u2019abeille: L\u2019abeille est une esp\u00e8ce importante pour l\u2019\u00e9cosyst\u00e8me et dans la mesure du possible, nous essayons de les r\u00e9cup\u00e9r\u00e9s pour ensuite les donner \u00e0 nos amis apiculteurs. Fragile et cible du frelon asiatique, elle est particuli\u00e8rement utile \u00e0 la nature gr\u00e2ce \u00e0 la pollinisation.Les hym\u00e9nopt\u00e8res vivent en communaut\u00e9.Un&hellip; Lire la suite\" \/>\n<meta property=\"og:url\" content=\"https:\/\/www.nuisibles-et-toitures.com\/?page_id=985\" \/>\n<meta property=\"og:site_name\" content=\"TEL : 07 68 84 97 01\" \/>\n<meta property=\"article:publisher\" content=\"https:\/\/www.facebook.com\/profile.php?id=61576756703166\" \/>\n<meta property=\"article:modified_time\" content=\"2026-01-11T15:13:58+00:00\" \/>\n<meta property=\"og:image\" content=\"https:\/\/www.nuisibles-et-toitures.com\/wp-content\/uploads\/2026\/01\/abeille.jpg\" \/>\n\t<meta property=\"og:image:width\" content=\"1200\" \/>\n\t<meta property=\"og:image:height\" content=\"630\" \/>\n\t<meta property=\"og:image:type\" content=\"image\/jpeg\" \/>\n<meta name=\"twitter:card\" content=\"summary_large_image\" \/>\n<meta name=\"twitter:label1\" content=\"Dur\u00e9e de lecture estim\u00e9e\" \/>\n\t<meta name=\"twitter:data1\" content=\"6 minutes\" \/>\n<script type=\"application\/ld+json\" class=\"yoast-schema-graph\">{\"@context\":\"https:\/\/schema.org\",\"@graph\":[{\"@type\":\"WebPage\",\"@id\":\"https:\/\/www.nuisibles-et-toitures.com\/?page_id=985\",\"url\":\"https:\/\/www.nuisibles-et-toitures.com\/?page_id=985\",\"name\":\"Diff\u00e9rencier L'abeille, la gu\u00eape et le frelon asiatique\/europ\u00e9en - TEL : 07 68 84 97 01\",\"isPartOf\":{\"@id\":\"https:\/\/www.nuisibles-et-toitures.com\/#website\"},\"primaryImageOfPage\":{\"@id\":\"https:\/\/www.nuisibles-et-toitures.com\/?page_id=985#primaryimage\"},\"image\":{\"@id\":\"https:\/\/www.nuisibles-et-toitures.com\/?page_id=985#primaryimage\"},\"thumbnailUrl\":\"https:\/\/www.nuisibles-et-toitures.com\/wp-content\/uploads\/2026\/01\/abeille-1024x538.jpg\",\"datePublished\":\"2025-05-08T21:08:23+00:00\",\"dateModified\":\"2026-01-11T15:13:58+00:00\",\"breadcrumb\":{\"@id\":\"https:\/\/www.nuisibles-et-toitures.com\/?page_id=985#breadcrumb\"},\"inLanguage\":\"fr-FR\",\"potentialAction\":[{\"@type\":\"ReadAction\",\"target\":[\"https:\/\/www.nuisibles-et-toitures.com\/?page_id=985\"]}]},{\"@type\":\"ImageObject\",\"inLanguage\":\"fr-FR\",\"@id\":\"https:\/\/www.nuisibles-et-toitures.com\/?page_id=985#primaryimage\",\"url\":\"https:\/\/www.nuisibles-et-toitures.com\/wp-content\/uploads\/2026\/01\/abeille.jpg\",\"contentUrl\":\"https:\/\/www.nuisibles-et-toitures.com\/wp-content\/uploads\/2026\/01\/abeille.jpg\",\"width\":1200,\"height\":630},{\"@type\":\"BreadcrumbList\",\"@id\":\"https:\/\/www.nuisibles-et-toitures.com\/?page_id=985#breadcrumb\",\"itemListElement\":[{\"@type\":\"ListItem\",\"position\":1,\"name\":\"Accueil\",\"item\":\"https:\/\/www.nuisibles-et-toitures.com\/\"},{\"@type\":\"ListItem\",\"position\":2,\"name\":\"Diff\u00e9rencier L&rsquo;abeille, la gu\u00eape et le frelon asiatique\/europ\u00e9en\"}]},{\"@type\":\"WebSite\",\"@id\":\"https:\/\/www.nuisibles-et-toitures.com\/#website\",\"url\":\"https:\/\/www.nuisibles-et-toitures.com\/\",\"name\":\"Nuisibles et Toitures\",\"description\":\"Qalit\u00e9 est notre mot cl\u00e9\",\"publisher\":{\"@id\":\"https:\/\/www.nuisibles-et-toitures.com\/#organization\"},\"potentialAction\":[{\"@type\":\"SearchAction\",\"target\":{\"@type\":\"EntryPoint\",\"urlTemplate\":\"https:\/\/www.nuisibles-et-toitures.com\/?s={search_term_string}\"},\"query-input\":{\"@type\":\"PropertyValueSpecification\",\"valueRequired\":true,\"valueName\":\"search_term_string\"}}],\"inLanguage\":\"fr-FR\"},{\"@type\":\"Organization\",\"@id\":\"https:\/\/www.nuisibles-et-toitures.com\/#organization\",\"name\":\"Droniz17\",\"url\":\"https:\/\/www.nuisibles-et-toitures.com\/\",\"logo\":{\"@type\":\"ImageObject\",\"inLanguage\":\"fr-FR\",\"@id\":\"https:\/\/www.nuisibles-et-toitures.com\/#\/schema\/logo\/image\/\",\"url\":\"\",\"contentUrl\":\"\",\"caption\":\"Droniz17\"},\"image\":{\"@id\":\"https:\/\/www.nuisibles-et-toitures.com\/#\/schema\/logo\/image\/\"},\"sameAs\":[\"https:\/\/www.facebook.com\/profile.php?id=61576756703166\"]}]}<\/script>\n<!-- \/ Yoast SEO plugin. -->","yoast_head_json":{"title":"Diff\u00e9rencier L'abeille, la gu\u00eape et le frelon asiatique\/europ\u00e9en - TEL : 07 68 84 97 01","robots":{"index":"index","follow":"follow","max-snippet":"max-snippet:-1","max-image-preview":"max-image-preview:large","max-video-preview":"max-video-preview:-1"},"canonical":"https:\/\/www.nuisibles-et-toitures.com\/?page_id=985","og_locale":"fr_FR","og_type":"article","og_title":"Diff\u00e9rencier L'abeille, la gu\u00eape et le frelon asiatique\/europ\u00e9en - TEL : 07 68 84 97 01","og_description":"Diff\u00e9rencier L&rsquo;abeille, la gu\u00eape et le frelon asiatique\/europ\u00e9enL\u2019abeille: L\u2019abeille est une esp\u00e8ce importante pour l\u2019\u00e9cosyst\u00e8me et dans la mesure du possible, nous essayons de les r\u00e9cup\u00e9r\u00e9s pour ensuite les donner \u00e0 nos amis apiculteurs. Fragile et cible du frelon asiatique, elle est particuli\u00e8rement utile \u00e0 la nature gr\u00e2ce \u00e0 la pollinisation.Les hym\u00e9nopt\u00e8res vivent en communaut\u00e9.Un&hellip; Lire la suite","og_url":"https:\/\/www.nuisibles-et-toitures.com\/?page_id=985","og_site_name":"TEL : 07 68 84 97 01","article_publisher":"https:\/\/www.facebook.com\/profile.php?id=61576756703166","article_modified_time":"2026-01-11T15:13:58+00:00","og_image":[{"width":1200,"height":630,"url":"https:\/\/www.nuisibles-et-toitures.com\/wp-content\/uploads\/2026\/01\/abeille.jpg","type":"image\/jpeg"}],"twitter_card":"summary_large_image","twitter_misc":{"Dur\u00e9e de lecture estim\u00e9e":"6 minutes"},"schema":{"@context":"https:\/\/schema.org","@graph":[{"@type":"WebPage","@id":"https:\/\/www.nuisibles-et-toitures.com\/?page_id=985","url":"https:\/\/www.nuisibles-et-toitures.com\/?page_id=985","name":"Diff\u00e9rencier L'abeille, la gu\u00eape et le frelon asiatique\/europ\u00e9en - TEL : 07 68 84 97 01","isPartOf":{"@id":"https:\/\/www.nuisibles-et-toitures.com\/#website"},"primaryImageOfPage":{"@id":"https:\/\/www.nuisibles-et-toitures.com\/?page_id=985#primaryimage"},"image":{"@id":"https:\/\/www.nuisibles-et-toitures.com\/?page_id=985#primaryimage"},"thumbnailUrl":"https:\/\/www.nuisibles-et-toitures.com\/wp-content\/uploads\/2026\/01\/abeille-1024x538.jpg","datePublished":"2025-05-08T21:08:23+00:00","dateModified":"2026-01-11T15:13:58+00:00","breadcrumb":{"@id":"https:\/\/www.nuisibles-et-toitures.com\/?page_id=985#breadcrumb"},"inLanguage":"fr-FR","potentialAction":[{"@type":"ReadAction","target":["https:\/\/www.nuisibles-et-toitures.com\/?page_id=985"]}]},{"@type":"ImageObject","inLanguage":"fr-FR","@id":"https:\/\/www.nuisibles-et-toitures.com\/?page_id=985#primaryimage","url":"https:\/\/www.nuisibles-et-toitures.com\/wp-content\/uploads\/2026\/01\/abeille.jpg","contentUrl":"https:\/\/www.nuisibles-et-toitures.com\/wp-content\/uploads\/2026\/01\/abeille.jpg","width":1200,"height":630},{"@type":"BreadcrumbList","@id":"https:\/\/www.nuisibles-et-toitures.com\/?page_id=985#breadcrumb","itemListElement":[{"@type":"ListItem","position":1,"name":"Accueil","item":"https:\/\/www.nuisibles-et-toitures.com\/"},{"@type":"ListItem","position":2,"name":"Diff\u00e9rencier L&rsquo;abeille, la gu\u00eape et le frelon asiatique\/europ\u00e9en"}]},{"@type":"WebSite","@id":"https:\/\/www.nuisibles-et-toitures.com\/#website","url":"https:\/\/www.nuisibles-et-toitures.com\/","name":"Nuisibles et Toitures","description":"Qalit\u00e9 est notre mot cl\u00e9","publisher":{"@id":"https:\/\/www.nuisibles-et-toitures.com\/#organization"},"potentialAction":[{"@type":"SearchAction","target":{"@type":"EntryPoint","urlTemplate":"https:\/\/www.nuisibles-et-toitures.com\/?s={search_term_string}"},"query-input":{"@type":"PropertyValueSpecification","valueRequired":true,"valueName":"search_term_string"}}],"inLanguage":"fr-FR"},{"@type":"Organization","@id":"https:\/\/www.nuisibles-et-toitures.com\/#organization","name":"Droniz17","url":"https:\/\/www.nuisibles-et-toitures.com\/","logo":{"@type":"ImageObject","inLanguage":"fr-FR","@id":"https:\/\/www.nuisibles-et-toitures.com\/#\/schema\/logo\/image\/","url":"","contentUrl":"","caption":"Droniz17"},"image":{"@id":"https:\/\/www.nuisibles-et-toitures.com\/#\/schema\/logo\/image\/"},"sameAs":["https:\/\/www.facebook.com\/profile.php?id=61576756703166"]}]}},"_links":{"self":[{"href":"https:\/\/www.nuisibles-et-toitures.com\/index.php?rest_route=\/wp\/v2\/pages\/985","targetHints":{"allow":["GET"]}}],"collection":[{"href":"https:\/\/www.nuisibles-et-toitures.com\/index.php?rest_route=\/wp\/v2\/pages"}],"about":[{"href":"https:\/\/www.nuisibles-et-toitures.com\/index.php?rest_route=\/wp\/v2\/types\/page"}],"author":[{"embeddable":true,"href":"https:\/\/www.nuisibles-et-toitures.com\/index.php?rest_route=\/wp\/v2\/users\/1"}],"replies":[{"embeddable":true,"href":"https:\/\/www.nuisibles-et-toitures.com\/index.php?rest_route=%2Fwp%2Fv2%2Fcomments&post=985"}],"version-history":[{"count":10,"href":"https:\/\/www.nuisibles-et-toitures.com\/index.php?rest_route=\/wp\/v2\/pages\/985\/revisions"}],"predecessor-version":[{"id":1340,"href":"https:\/\/www.nuisibles-et-toitures.com\/index.php?rest_route=\/wp\/v2\/pages\/985\/revisions\/1340"}],"wp:attachment":[{"href":"https:\/\/www.nuisibles-et-toitures.com\/index.php?rest_route=%2Fwp%2Fv2%2Fmedia&parent=985"}],"curies":[{"name":"wp","href":"https:\/\/api.w.org\/{rel}","templated":true}]}}